{"id":20,"date":"2018-04-16T09:10:58","date_gmt":"2018-04-16T12:10:58","guid":{"rendered":"http:\/\/localhost\/base\/sitenovo\/home\/"},"modified":"2022-06-24T08:57:12","modified_gmt":"2022-06-24T11:57:12","slug":"home","status":"publish","type":"page","link":"https:\/\/www.institutoergos.com.br\/site\/","title":{"rendered":"Home"},"content":{"rendered":"\n<h2 class=\"wp-block-heading\"><strong>de professores, coordenadores e gestores, abrangendo tr\u00eas pilares psicopedag\u00f3gicos: <strong>utiliza\u00e7\u00e3o de<\/strong><\/strong> <strong><strong>Avalia\u00e7\u00f5es Diagn\u00f3sticas <em>online<\/em> como instrumento de aperfei\u00e7oamento do processo de ensino e aprendizagem<\/strong><\/strong>, <strong>fortalecimento da sa\u00fade mental do professor e gest\u00e3o escolar.<\/strong><\/h2>\n","protected":false},"excerpt":{"rendered":"<p>de professores, coordenadores e gestores, abrangendo tr\u00eas pilares psicopedag\u00f3gicos: utiliza\u00e7\u00e3o de Avalia\u00e7\u00f5es Diagn\u00f3sticas online como instrumento de aperfei\u00e7oamento do processo de ensino e aprendizagem, fortalecimento da sa\u00fade mental do professor e gest\u00e3o escolar.<\/p>\n","protected":false},"author":2,"featured_media":0,"parent":0,"menu_order":-1,"comment_status":"closed","ping_status":"closed","template":"page-home.php","meta":{"footnotes":""},"acf":[],"yoast_head":"<!-- This site is optimized with the Yoast SEO plugin v22.9 - https:\/\/yoast.com\/wordpress\/plugins\/seo\/ -->\n<title>Home - Instituto Ergos<\/title>\n<meta name=\"robots\" content=\"index, follow, max-snippet:-1, max-image-preview:large, max-video-preview:-1\" \/>\n<link rel=\"canonical\" href=\"https:\/\/www.institutoergos.com.br\/site\/\" \/>\n<meta property=\"og:locale\" content=\"pt_BR\" \/>\n<meta property=\"og:type\" content=\"article\" \/>\n<meta property=\"og:title\" content=\"Home - Instituto Ergos\" \/>\n<meta property=\"og:description\" content=\"de professores, coordenadores e gestores, abrangendo tr\u00eas pilares psicopedag\u00f3gicos: utiliza\u00e7\u00e3o de Avalia\u00e7\u00f5es Diagn\u00f3sticas online como instrumento de aperfei\u00e7oamento do processo de ensino e aprendizagem, fortalecimento da sa\u00fade mental do professor e gest\u00e3o escolar.\" \/>\n<meta property=\"og:url\" content=\"https:\/\/www.institutoergos.com.br\/site\/\" \/>\n<meta property=\"og:site_name\" content=\"Instituto Ergos\" \/>\n<meta property=\"article:publisher\" content=\"https:\/\/www.facebook.com\/institutoergos\" \/>\n<meta property=\"article:modified_time\" content=\"2022-06-24T11:57:12+00:00\" \/>\n<meta name=\"twitter:card\" content=\"summary_large_image\" \/>\n<meta name=\"twitter:label1\" content=\"Est. tempo de leitura\" \/>\n\t<meta name=\"twitter:data1\" content=\"1 minuto\" \/>\n<script type=\"application\/ld+json\" class=\"yoast-schema-graph\">{\"@context\":\"https:\/\/schema.org\",\"@graph\":[{\"@type\":\"WebPage\",\"@id\":\"https:\/\/www.institutoergos.com.br\/site\/\",\"url\":\"https:\/\/www.institutoergos.com.br\/site\/\",\"name\":\"Home - Instituto Ergos\",\"isPartOf\":{\"@id\":\"https:\/\/www.institutoergos.com.br\/site\/#website\"},\"datePublished\":\"2018-04-16T12:10:58+00:00\",\"dateModified\":\"2022-06-24T11:57:12+00:00\",\"breadcrumb\":{\"@id\":\"https:\/\/www.institutoergos.com.br\/site\/#breadcrumb\"},\"inLanguage\":\"pt-BR\",\"potentialAction\":[{\"@type\":\"ReadAction\",\"target\":[\"https:\/\/www.institutoergos.com.br\/site\/\"]}]},{\"@type\":\"BreadcrumbList\",\"@id\":\"https:\/\/www.institutoergos.com.br\/site\/#breadcrumb\",\"itemListElement\":[{\"@type\":\"ListItem\",\"position\":1,\"name\":\"In\u00edcio\",\"item\":\"https:\/\/www.institutoergos.com.br\/site\/\"},{\"@type\":\"ListItem\",\"position\":2,\"name\":\"Home\"}]},{\"@type\":\"WebSite\",\"@id\":\"https:\/\/www.institutoergos.com.br\/site\/#website\",\"url\":\"https:\/\/www.institutoergos.com.br\/site\/\",\"name\":\"Instituto Ergos\",\"description\":\"Um novo jeito diferente de formar professor e gestores educacionais.\",\"publisher\":{\"@id\":\"https:\/\/www.institutoergos.com.br\/site\/#organization\"},\"potentialAction\":[{\"@type\":\"SearchAction\",\"target\":{\"@type\":\"EntryPoint\",\"urlTemplate\":\"https:\/\/www.institutoergos.com.br\/site\/?s={search_term_string}\"},\"query-input\":\"required name=search_term_string\"}],\"inLanguage\":\"pt-BR\"},{\"@type\":\"Organization\",\"@id\":\"https:\/\/www.institutoergos.com.br\/site\/#organization\",\"name\":\"Instituto Ergos\",\"url\":\"https:\/\/www.institutoergos.com.br\/site\/\",\"logo\":{\"@type\":\"ImageObject\",\"inLanguage\":\"pt-BR\",\"@id\":\"https:\/\/www.institutoergos.com.br\/site\/#\/schema\/logo\/image\/\",\"url\":\"http:\/\/www.institutoergos.com.br\/site\/wp-content\/uploads\/2022\/04\/logo-v-bg.jpg\",\"contentUrl\":\"http:\/\/www.institutoergos.com.br\/site\/wp-content\/uploads\/2022\/04\/logo-v-bg.jpg\",\"width\":960,\"height\":790,\"caption\":\"Instituto Ergos\"},\"image\":{\"@id\":\"https:\/\/www.institutoergos.com.br\/site\/#\/schema\/logo\/image\/\"},\"sameAs\":[\"https:\/\/www.facebook.com\/institutoergos\",\"https:\/\/www.instagram\/institutoergos\",\"https:\/\/www.youtube.com\/institutoergos\"]}]}<\/script>\n<!-- \/ Yoast SEO plugin. -->","yoast_head_json":{"title":"Home - Instituto Ergos","robots":{"index":"index","follow":"follow","max-snippet":"max-snippet:-1","max-image-preview":"max-image-preview:large","max-video-preview":"max-video-preview:-1"},"canonical":"https:\/\/www.institutoergos.com.br\/site\/","og_locale":"pt_BR","og_type":"article","og_title":"Home - Instituto Ergos","og_description":"de professores, coordenadores e gestores, abrangendo tr\u00eas pilares psicopedag\u00f3gicos: utiliza\u00e7\u00e3o de Avalia\u00e7\u00f5es Diagn\u00f3sticas online como instrumento de aperfei\u00e7oamento do processo de ensino e aprendizagem, fortalecimento da sa\u00fade mental do professor e gest\u00e3o escolar.","og_url":"https:\/\/www.institutoergos.com.br\/site\/","og_site_name":"Instituto Ergos","article_publisher":"https:\/\/www.facebook.com\/institutoergos","article_modified_time":"2022-06-24T11:57:12+00:00","twitter_card":"summary_large_image","twitter_misc":{"Est. tempo de leitura":"1 minuto"},"schema":{"@context":"https:\/\/schema.org","@graph":[{"@type":"WebPage","@id":"https:\/\/www.institutoergos.com.br\/site\/","url":"https:\/\/www.institutoergos.com.br\/site\/","name":"Home - Instituto Ergos","isPartOf":{"@id":"https:\/\/www.institutoergos.com.br\/site\/#website"},"datePublished":"2018-04-16T12:10:58+00:00","dateModified":"2022-06-24T11:57:12+00:00","breadcrumb":{"@id":"https:\/\/www.institutoergos.com.br\/site\/#breadcrumb"},"inLanguage":"pt-BR","potentialAction":[{"@type":"ReadAction","target":["https:\/\/www.institutoergos.com.br\/site\/"]}]},{"@type":"BreadcrumbList","@id":"https:\/\/www.institutoergos.com.br\/site\/#breadcrumb","itemListElement":[{"@type":"ListItem","position":1,"name":"In\u00edcio","item":"https:\/\/www.institutoergos.com.br\/site\/"},{"@type":"ListItem","position":2,"name":"Home"}]},{"@type":"WebSite","@id":"https:\/\/www.institutoergos.com.br\/site\/#website","url":"https:\/\/www.institutoergos.com.br\/site\/","name":"Instituto Ergos","description":"Um novo jeito diferente de formar professor e gestores educacionais.","publisher":{"@id":"https:\/\/www.institutoergos.com.br\/site\/#organization"},"potentialAction":[{"@type":"SearchAction","target":{"@type":"EntryPoint","urlTemplate":"https:\/\/www.institutoergos.com.br\/site\/?s={search_term_string}"},"query-input":"required name=search_term_string"}],"inLanguage":"pt-BR"},{"@type":"Organization","@id":"https:\/\/www.institutoergos.com.br\/site\/#organization","name":"Instituto Ergos","url":"https:\/\/www.institutoergos.com.br\/site\/","logo":{"@type":"ImageObject","inLanguage":"pt-BR","@id":"https:\/\/www.institutoergos.com.br\/site\/#\/schema\/logo\/image\/","url":"http:\/\/www.institutoergos.com.br\/site\/wp-content\/uploads\/2022\/04\/logo-v-bg.jpg","contentUrl":"http:\/\/www.institutoergos.com.br\/site\/wp-content\/uploads\/2022\/04\/logo-v-bg.jpg","width":960,"height":790,"caption":"Instituto Ergos"},"image":{"@id":"https:\/\/www.institutoergos.com.br\/site\/#\/schema\/logo\/image\/"},"sameAs":["https:\/\/www.facebook.com\/institutoergos","https:\/\/www.instagram\/institutoergos","https:\/\/www.youtube.com\/institutoergos"]}]}},"_links":{"self":[{"href":"https:\/\/www.institutoergos.com.br\/site\/wp-json\/wp\/v2\/pages\/20"}],"collection":[{"href":"https:\/\/www.institutoergos.com.br\/site\/wp-json\/wp\/v2\/pages"}],"about":[{"href":"https:\/\/www.institutoergos.com.br\/site\/wp-json\/wp\/v2\/types\/page"}],"author":[{"embeddable":true,"href":"https:\/\/www.institutoergos.com.br\/site\/wp-json\/wp\/v2\/users\/2"}],"replies":[{"embeddable":true,"href":"https:\/\/www.institutoergos.com.br\/site\/wp-json\/wp\/v2\/comments?post=20"}],"version-history":[{"count":20,"href":"https:\/\/www.institutoergos.com.br\/site\/wp-json\/wp\/v2\/pages\/20\/revisions"}],"predecessor-version":[{"id":273,"href":"https:\/\/www.institutoergos.com.br\/site\/wp-json\/wp\/v2\/pages\/20\/revisions\/273"}],"wp:attachment":[{"href":"https:\/\/www.institutoergos.com.br\/site\/wp-json\/wp\/v2\/media?parent=20"}],"curies":[{"name":"wp","href":"https:\/\/api.w.org\/{rel}","templated":true}]}}